{"id":2508,"date":"2022-11-14T16:00:35","date_gmt":"2022-11-14T15:00:35","guid":{"rendered":"http:\/\/rocc.schoolofmisses.de\/?page_id=2508"},"modified":"2022-11-24T11:47:14","modified_gmt":"2022-11-24T10:47:14","slug":"schulungstermine","status":"publish","type":"page","link":"https:\/\/schoolofmisses.de\/en\/schulungstermine\/","title":{"rendered":"Schulungstermine"},"content":{"rendered":"\t\t<div data-elementor-type=\"wp-page\" data-elementor-id=\"2508\" class=\"elementor elementor-2508\" data-elementor-post-type=\"page\">\n\t\t\t\t\t\t<section class=\"elementor-section elementor-top-section elementor-element elementor-element-026de1b elementor-section-boxed elementor-section-height-default elementor-section-height-default wpr-particle-no wpr-jarallax-no wpr-parallax-no wpr-sticky-section-no\" data-id=\"026de1b\" data-element_type=\"section\" data-e-type=\"section\">\n\t\t\t\t\t\t<div class=\"elementor-container elementor-column-gap-default\">\n\t\t\t\t\t<div class=\"elementor-column elementor-col-100 elementor-top-column elementor-element elementor-element-afe16be\" data-id=\"afe16be\" data-element_type=\"column\" data-e-type=\"column\">\n\t\t\t<div class=\"elementor-widget-wrap elementor-element-populated\">\n\t\t\t\t\t\t<div class=\"elementor-element elementor-element-c63780f elementor-widget elementor-widget-spacer\" data-id=\"c63780f\" data-element_type=\"widget\" data-e-type=\"widget\" data-widget_type=\"spacer.default\">\n\t\t\t\t<div class=\"elementor-widget-container\">\n\t\t\t\t\t\t\t<div class=\"elementor-spacer\">\n\t\t\t<div class=\"elementor-spacer-inner\"><\/div>\n\t\t<\/div>\n\t\t\t\t\t\t<\/div>\n\t\t\t\t<\/div>\n\t\t\t\t\t<\/div>\n\t\t<\/div>\n\t\t\t\t\t<\/div>\n\t\t<\/section>\n\t\t\t\t<section class=\"elementor-section elementor-top-section elementor-element elementor-element-6072e83 elementor-section-boxed elementor-section-height-default elementor-section-height-default wpr-particle-no wpr-jarallax-no wpr-parallax-no wpr-sticky-section-no\" data-id=\"6072e83\" data-element_type=\"section\" data-e-type=\"section\">\n\t\t\t\t\t\t<div class=\"elementor-container elementor-column-gap-default\">\n\t\t\t\t\t<div class=\"elementor-column elementor-col-100 elementor-top-column elementor-element elementor-element-b544be6\" data-id=\"b544be6\" data-element_type=\"column\" data-e-type=\"column\">\n\t\t\t<div class=\"elementor-widget-wrap elementor-element-populated\">\n\t\t\t\t\t\t<div class=\"elementor-element elementor-element-a6c8403 elementor-widget elementor-widget-spacer\" data-id=\"a6c8403\" data-element_type=\"widget\" data-e-type=\"widget\" data-widget_type=\"spacer.default\">\n\t\t\t\t<div class=\"elementor-widget-container\">\n\t\t\t\t\t\t\t<div class=\"elementor-spacer\">\n\t\t\t<div class=\"elementor-spacer-inner\"><\/div>\n\t\t<\/div>\n\t\t\t\t\t\t<\/div>\n\t\t\t\t<\/div>\n\t\t\t\t\t<\/div>\n\t\t<\/div>\n\t\t\t\t\t<\/div>\n\t\t<\/section>\n\t\t\t\t<section class=\"elementor-section elementor-top-section elementor-element elementor-element-4425690 elementor-section-boxed elementor-section-height-default elementor-section-height-default wpr-particle-no wpr-jarallax-no wpr-parallax-no wpr-sticky-section-no\" data-id=\"4425690\" data-element_type=\"section\" data-e-type=\"section\">\n\t\t\t\t\t\t<div class=\"elementor-container elementor-column-gap-default\">\n\t\t\t\t\t<div class=\"elementor-column elementor-col-100 elementor-top-column elementor-element elementor-element-409c241\" data-id=\"409c241\" data-element_type=\"column\" data-e-type=\"column\">\n\t\t\t<div class=\"elementor-widget-wrap elementor-element-populated\">\n\t\t\t\t\t\t<div class=\"elementor-element elementor-element-ab81037 elementor-widget-mobile__width-auto elementor-widget elementor-widget-heading\" data-id=\"ab81037\" data-element_type=\"widget\" data-e-type=\"widget\" data-widget_type=\"heading.default\">\n\t\t\t\t<div class=\"elementor-widget-container\">\n\t\t\t\t\t<h1 class=\"elementor-heading-title elementor-size-default\">Jetzt Schulung buchen!<\/h1>\t\t\t\t<\/div>\n\t\t\t\t<\/div>\n\t\t\t\t<div class=\"elementor-element elementor-element-eaec863 elementor-widget elementor-widget-text-editor\" data-id=\"eaec863\" data-element_type=\"widget\" data-e-type=\"widget\" data-widget_type=\"text-editor.default\">\n\t\t\t\t<div class=\"elementor-widget-container\">\n\t\t\t\t\t\t\t\t\t<p>Und in Deine Weiterbildung investieren: Die Branche braucht mehr Stylist:innen, die Qualit\u00e4t \u00fcber Quantit\u00e4t stellen und stetig in das beste Behandlungsangebot investieren. Nutze Deine Gelegenheit, das n\u00e4chste Level zu erreichen und Dein Business voranzubringen!<\/p>\t\t\t\t\t\t\t\t<\/div>\n\t\t\t\t<\/div>\n\t\t\t\t<div class=\"elementor-element elementor-element-cfff617 elementor-widget elementor-widget-stepbooking\" data-id=\"cfff617\" data-element_type=\"widget\" data-e-type=\"widget\" data-widget_type=\"stepbooking.default\">\n\t\t\t\t<div class=\"elementor-widget-container\">\n\t\t\t\t\t\n<script>\n  if (typeof hasAmeliaEntitiesApiCall === 'undefined' && '' === '') {\n    var hasAmeliaEntitiesApiCall = true;\n  }\n  var ameliaShortcodeData = (typeof ameliaShortcodeData === 'undefined') ? [] : ameliaShortcodeData;\n  ameliaShortcodeData.push(\n    {\n      'hasApiCall': (typeof hasAmeliaEntitiesApiCall !== 'undefined') && hasAmeliaEntitiesApiCall,\n      'trigger': '',\n      'trigger_type': '',\n      'triggered_form': 'sbsNew',\n      'in_dialog': '',\n      'show': '',\n      'counter': '1000',\n      'category': '',\n      'service': '',\n      'employee': '',\n      'location': '',\n      'package': ''\n    }\n  );\n\n  var ameliaShortcodeDataTriggered = (typeof ameliaShortcodeDataTriggered === 'undefined') ? [] : ameliaShortcodeDataTriggered;\n  if (ameliaShortcodeData[ameliaShortcodeData.length - 1].trigger !== '') {\n    if (ameliaShortcodeDataTriggered.filter(a => a.counter === ameliaShortcodeData[ameliaShortcodeData.length - 1].counter).length === 0) {\n      ameliaShortcodeDataTriggered.push(ameliaShortcodeData.pop());\n    } else {\n      ameliaShortcodeData.pop()\n    }\n  }\n  if (typeof hasAmeliaEntitiesApiCall !== 'undefined' && hasAmeliaEntitiesApiCall) {\n    hasAmeliaEntitiesApiCall = false;\n  }\n<\/script>\n\n<div\n  id=\"amelia-v2-booking-1000\"\n  class=\"amelia-v2-booking\"\n >\n    <step-form-wrapper><\/step-form-wrapper><\/div>\n\t\t\t\t<\/div>\n\t\t\t\t<\/div>\n\t\t\t\t<div class=\"elementor-element elementor-element-67a6602 elementor-widget elementor-widget-spacer\" data-id=\"67a6602\" data-element_type=\"widget\" data-e-type=\"widget\" data-widget_type=\"spacer.default\">\n\t\t\t\t<div class=\"elementor-widget-container\">\n\t\t\t\t\t\t\t<div class=\"elementor-spacer\">\n\t\t\t<div class=\"elementor-spacer-inner\"><\/div>\n\t\t<\/div>\n\t\t\t\t\t\t<\/div>\n\t\t\t\t<\/div>\n\t\t\t\t\t<\/div>\n\t\t<\/div>\n\t\t\t\t\t<\/div>\n\t\t<\/section>\n\t\t\t\t<section class=\"elementor-section elementor-top-section elementor-element elementor-element-7e75282 elementor-section-boxed elementor-section-height-default elementor-section-height-default wpr-particle-no wpr-jarallax-no wpr-parallax-no wpr-sticky-section-no\" data-id=\"7e75282\" data-element_type=\"section\" data-e-type=\"section\">\n\t\t\t\t\t\t<div class=\"elementor-container elementor-column-gap-default\">\n\t\t\t\t\t<div class=\"elementor-column elementor-col-100 elementor-top-column elementor-element elementor-element-29e5027\" data-id=\"29e5027\" data-element_type=\"column\" data-e-type=\"column\">\n\t\t\t<div class=\"elementor-widget-wrap\">\n\t\t\t\t\t\t\t<\/div>\n\t\t<\/div>\n\t\t\t\t\t<\/div>\n\t\t<\/section>\n\t\t\t\t<\/div>\n\t\t","protected":false},"excerpt":{"rendered":"<p>Jetzt Schulung buchen! Und in Deine Weiterbildung investieren: Die Branche braucht mehr Stylist:innen, die Qualit\u00e4t \u00fcber Quantit\u00e4t stellen und stetig in das beste Behandlungsangebot investieren. Nutze Deine Gelegenheit, das n\u00e4chste Level zu erreichen und Dein Business voranzubringen!<\/p>","protected":false},"author":2,"featured_media":0,"parent":0,"menu_order":13,"comment_status":"closed","ping_status":"closed","template":"","meta":{"footnotes":""},"class_list":["post-2508","page","type-page","status-publish","hentry"],"yoast_head":"<!-- This site is optimized with the Yoast SEO plugin v27.3 - https:\/\/yoast.com\/product\/yoast-seo-wordpress\/ -->\n<title>Schulungstermine - schoolofmisses.de<\/title>\n<meta name=\"robots\" content=\"index, follow, max-snippet:-1, max-image-preview:large, max-video-preview:-1\" \/>\n<link rel=\"canonical\" href=\"https:\/\/schoolofmisses.de\/en\/schulungstermine\/\" \/>\n<meta property=\"og:locale\" content=\"en_US\" \/>\n<meta property=\"og:type\" content=\"article\" \/>\n<meta property=\"og:title\" content=\"Schulungstermine - schoolofmisses.de\" \/>\n<meta property=\"og:description\" content=\"Jetzt Schulung buchen! Und in Deine Weiterbildung investieren: Die Branche braucht mehr Stylist:innen, die Qualit\u00e4t \u00fcber Quantit\u00e4t stellen und stetig in das beste Behandlungsangebot investieren. Nutze Deine Gelegenheit, das n\u00e4chste Level zu erreichen und Dein Business voranzubringen!\" \/>\n<meta property=\"og:url\" content=\"https:\/\/schoolofmisses.de\/en\/schulungstermine\/\" \/>\n<meta property=\"og:site_name\" content=\"schoolofmisses.de\" \/>\n<meta property=\"article:modified_time\" content=\"2022-11-24T10:47:14+00:00\" \/>\n<meta name=\"twitter:card\" content=\"summary_large_image\" \/>\n<meta name=\"twitter:label1\" content=\"Est. reading time\" \/>\n\t<meta name=\"twitter:data1\" content=\"1 minute\" \/>\n<script type=\"application\/ld+json\" class=\"yoast-schema-graph\">{\"@context\":\"https:\\\/\\\/schema.org\",\"@graph\":[{\"@type\":\"WebPage\",\"@id\":\"https:\\\/\\\/schoolofmisses.de\\\/schulungstermine\\\/\",\"url\":\"https:\\\/\\\/schoolofmisses.de\\\/schulungstermine\\\/\",\"name\":\"Schulungstermine - schoolofmisses.de\",\"isPartOf\":{\"@id\":\"https:\\\/\\\/schoolofmisses.de\\\/#website\"},\"datePublished\":\"2022-11-14T15:00:35+00:00\",\"dateModified\":\"2022-11-24T10:47:14+00:00\",\"breadcrumb\":{\"@id\":\"https:\\\/\\\/schoolofmisses.de\\\/schulungstermine\\\/#breadcrumb\"},\"inLanguage\":\"en-US\",\"potentialAction\":[{\"@type\":\"ReadAction\",\"target\":[\"https:\\\/\\\/schoolofmisses.de\\\/schulungstermine\\\/\"]}]},{\"@type\":\"BreadcrumbList\",\"@id\":\"https:\\\/\\\/schoolofmisses.de\\\/schulungstermine\\\/#breadcrumb\",\"itemListElement\":[{\"@type\":\"ListItem\",\"position\":1,\"name\":\"Startseite\",\"item\":\"https:\\\/\\\/schoolofmisses.de\\\/\"},{\"@type\":\"ListItem\",\"position\":2,\"name\":\"Schulungstermine\"}]},{\"@type\":\"WebSite\",\"@id\":\"https:\\\/\\\/schoolofmisses.de\\\/#website\",\"url\":\"https:\\\/\\\/schoolofmisses.de\\\/\",\"name\":\"schoolofmisses.de\",\"description\":\"jetzt in der Beauty Branche durchstarten\",\"publisher\":{\"@id\":\"https:\\\/\\\/schoolofmisses.de\\\/#organization\"},\"potentialAction\":[{\"@type\":\"SearchAction\",\"target\":{\"@type\":\"EntryPoint\",\"urlTemplate\":\"https:\\\/\\\/schoolofmisses.de\\\/?s={search_term_string}\"},\"query-input\":{\"@type\":\"PropertyValueSpecification\",\"valueRequired\":true,\"valueName\":\"search_term_string\"}}],\"inLanguage\":\"en-US\"},{\"@type\":\"Organization\",\"@id\":\"https:\\\/\\\/schoolofmisses.de\\\/#organization\",\"name\":\"schoolofmisses.de\",\"url\":\"https:\\\/\\\/schoolofmisses.de\\\/\",\"logo\":{\"@type\":\"ImageObject\",\"inLanguage\":\"en-US\",\"@id\":\"https:\\\/\\\/schoolofmisses.de\\\/#\\\/schema\\\/logo\\\/image\\\/\",\"url\":\"https:\\\/\\\/schoolofmisses.de\\\/wp-content\\\/uploads\\\/2022\\\/10\\\/Miss_Lashesschool_neu.png\",\"contentUrl\":\"https:\\\/\\\/schoolofmisses.de\\\/wp-content\\\/uploads\\\/2022\\\/10\\\/Miss_Lashesschool_neu.png\",\"width\":160,\"height\":54,\"caption\":\"schoolofmisses.de\"},\"image\":{\"@id\":\"https:\\\/\\\/schoolofmisses.de\\\/#\\\/schema\\\/logo\\\/image\\\/\"}}]}<\/script>\n<!-- \/ Yoast SEO plugin. -->","yoast_head_json":{"title":"Schulungstermine - schoolofmisses.de","robots":{"index":"index","follow":"follow","max-snippet":"max-snippet:-1","max-image-preview":"max-image-preview:large","max-video-preview":"max-video-preview:-1"},"canonical":"https:\/\/schoolofmisses.de\/en\/schulungstermine\/","og_locale":"en_US","og_type":"article","og_title":"Schulungstermine - schoolofmisses.de","og_description":"Jetzt Schulung buchen! Und in Deine Weiterbildung investieren: Die Branche braucht mehr Stylist:innen, die Qualit\u00e4t \u00fcber Quantit\u00e4t stellen und stetig in das beste Behandlungsangebot investieren. Nutze Deine Gelegenheit, das n\u00e4chste Level zu erreichen und Dein Business voranzubringen!","og_url":"https:\/\/schoolofmisses.de\/en\/schulungstermine\/","og_site_name":"schoolofmisses.de","article_modified_time":"2022-11-24T10:47:14+00:00","twitter_card":"summary_large_image","twitter_misc":{"Est. reading time":"1 minute"},"schema":{"@context":"https:\/\/schema.org","@graph":[{"@type":"WebPage","@id":"https:\/\/schoolofmisses.de\/schulungstermine\/","url":"https:\/\/schoolofmisses.de\/schulungstermine\/","name":"Schulungstermine - schoolofmisses.de","isPartOf":{"@id":"https:\/\/schoolofmisses.de\/#website"},"datePublished":"2022-11-14T15:00:35+00:00","dateModified":"2022-11-24T10:47:14+00:00","breadcrumb":{"@id":"https:\/\/schoolofmisses.de\/schulungstermine\/#breadcrumb"},"inLanguage":"en-US","potentialAction":[{"@type":"ReadAction","target":["https:\/\/schoolofmisses.de\/schulungstermine\/"]}]},{"@type":"BreadcrumbList","@id":"https:\/\/schoolofmisses.de\/schulungstermine\/#breadcrumb","itemListElement":[{"@type":"ListItem","position":1,"name":"Startseite","item":"https:\/\/schoolofmisses.de\/"},{"@type":"ListItem","position":2,"name":"Schulungstermine"}]},{"@type":"WebSite","@id":"https:\/\/schoolofmisses.de\/#website","url":"https:\/\/schoolofmisses.de\/","name":"schoolofmisses.de","description":"jetzt in der Beauty Branche durchstarten","publisher":{"@id":"https:\/\/schoolofmisses.de\/#organization"},"potentialAction":[{"@type":"SearchAction","target":{"@type":"EntryPoint","urlTemplate":"https:\/\/schoolofmisses.de\/?s={search_term_string}"},"query-input":{"@type":"PropertyValueSpecification","valueRequired":true,"valueName":"search_term_string"}}],"inLanguage":"en-US"},{"@type":"Organization","@id":"https:\/\/schoolofmisses.de\/#organization","name":"schoolofmisses.de","url":"https:\/\/schoolofmisses.de\/","logo":{"@type":"ImageObject","inLanguage":"en-US","@id":"https:\/\/schoolofmisses.de\/#\/schema\/logo\/image\/","url":"https:\/\/schoolofmisses.de\/wp-content\/uploads\/2022\/10\/Miss_Lashesschool_neu.png","contentUrl":"https:\/\/schoolofmisses.de\/wp-content\/uploads\/2022\/10\/Miss_Lashesschool_neu.png","width":160,"height":54,"caption":"schoolofmisses.de"},"image":{"@id":"https:\/\/schoolofmisses.de\/#\/schema\/logo\/image\/"}}]}},"_links":{"self":[{"href":"https:\/\/schoolofmisses.de\/en\/wp-json\/wp\/v2\/pages\/2508","targetHints":{"allow":["GET"]}}],"collection":[{"href":"https:\/\/schoolofmisses.de\/en\/wp-json\/wp\/v2\/pages"}],"about":[{"href":"https:\/\/schoolofmisses.de\/en\/wp-json\/wp\/v2\/types\/page"}],"author":[{"embeddable":true,"href":"https:\/\/schoolofmisses.de\/en\/wp-json\/wp\/v2\/users\/2"}],"replies":[{"embeddable":true,"href":"https:\/\/schoolofmisses.de\/en\/wp-json\/wp\/v2\/comments?post=2508"}],"version-history":[{"count":0,"href":"https:\/\/schoolofmisses.de\/en\/wp-json\/wp\/v2\/pages\/2508\/revisions"}],"wp:attachment":[{"href":"https:\/\/schoolofmisses.de\/en\/wp-json\/wp\/v2\/media?parent=2508"}],"curies":[{"name":"wp","href":"https:\/\/api.w.org\/{rel}","templated":true}]}}